{"id":29650,"date":"2025-03-12T17:41:02","date_gmt":"2025-03-12T16:41:02","guid":{"rendered":"https:\/\/www.lucky-car.ch\/?page_id=29650"},"modified":"2025-03-14T11:25:04","modified_gmt":"2025-03-14T10:25:04","slug":"firmenkunden","status":"publish","type":"page","link":"https:\/\/www.lucky-car.ch\/en\/firmenkunden\/","title":{"rendered":"Firmenkunden"},"content":{"rendered":"<p><img decoding=\"async\" src=\"\/wp-content\/uploads\/rcarrosserieschaden_am_auto-486a3-2.jpg\" alt=\"\"><\/p>\n<h1>\n<p><span>Bis zu 20% Mitarbeiter-Konditionen!<\/span><\/p>\n<\/h1>\n<div>\n<p>Profitieren Sie als Firmenkunde von unseren attraktiven Konditionen und sparen Sie bis zu 20% auf erstklassige Reparaturen in Herstellerqualit\u00e4t. Ob Lack-, Karosserie- oder Glassch\u00e4den \u2013 wir bringen Ihr Fahrzeug schnell und zuverl\u00e4ssig wieder auf Vordermann. Und das Beste: Sie m\u00fcssen sich um nichts k\u00fcmmern!<\/p>\n<p>Interesse? Kontaktieren Sie uns einfach \u00fcber das Formular und wir melden uns bei Ihnen.<\/p>\n<\/div>\n<h2><span>Unsere Services<\/span><\/h2>\n<div>\n<p>Auf ein Bild klicken um die gr\u00f6ssere Ansicht zu \u00f6ffnen.<\/p>\n<\/div>\n<ul>\n<li>\n<p>        <img decoding=\"async\" src=\"\/wp-content\/uploads\/f1.jpg\" alt=\"\"><\/p>\n<h3>f1<\/h3>\n<\/li>\n<li>\n<p>        <img decoding=\"async\" src=\"\/wp-content\/uploads\/f2.jpg\" alt=\"\"><\/p>\n<h3>f2<\/h3>\n<\/li>\n<li>\n<p>        <img decoding=\"async\" src=\"\/wp-content\/uploads\/f3.jpg\" alt=\"\"><\/p>\n<h3>f3<\/h3>\n<\/li>\n<li>\n<p>        <img decoding=\"async\" src=\"\/wp-content\/uploads\/f4.jpg\" alt=\"\"><\/p>\n<h3>f4<\/h3>\n<\/li>\n<\/ul>\n<div>\n<h3> CHF 150,- Cashback<\/h3>\n<\/div>\n<div>\n<h3>Gratis Innenreinigung beim n\u00e4chsten Versicherungsschaden<\/h3>\n<div>\negal ob Hagel, Haftpflicht,Vollkasko<\/div>\n<\/div>\n<div>\n<div><div class='fluentform ff-default fluentform_wrapper_12 ffs_default_wrap'><form data-form_id=\"12\" id=\"fluentform_12\" class=\"frm-fluent-form fluent_form_12 ff-el-form-top ff_form_instance_12_1 ff-form-loading ffs_default\" data-form_instance=\"ff_form_instance_12_1\" method=\"POST\" ><fieldset  style=\"border: none!important;margin: 0!important;padding: 0!important;background-color: transparent!important;box-shadow: none!important;outline: none!important; min-inline-size: 100%;\">\n                    <legend class=\"ff_screen_reader_title\" style=\"display: block; margin: 0!important;padding: 0!important;height: 0!important;text-indent: -999999px;width: 0!important;overflow:hidden;\">Firmenkunden<\/legend><input type='hidden' name='__fluent_form_embded_post_id' value='29650' \/><input type=\"hidden\" id=\"_fluentform_12_fluentformnonce\" name=\"_fluentform_12_fluentformnonce\" value=\"f8415964e2\" \/><input type=\"hidden\" name=\"_wp_http_referer\" value=\"\/en\/wp-json\/wp\/v2\/pages\/29650\" \/><div class='ff-el-group'><div class=\"ff-el-input--label ff-el-is-required asterisk-right\"><label for='ff_12_firmenname' id='label_ff_12_firmenname' >Firmenname<\/label><\/div><div class='ff-el-input--content'><input type=\"text\" name=\"firmenname\" class=\"ff-el-form-control\" data-name=\"firmenname\" id=\"ff_12_firmenname\"  aria-invalid=\"false\" aria-required=true><\/div><\/div><div data-type=\"name-element\" data-name=\"names\" class=\" ff-field_container ff-name-field-wrapper\" ><div class='ff-t-container'><div class='ff-t-cell '><div class='ff-el-group'><div class=\"ff-el-input--label ff-el-is-required asterisk-right\"><label for='ff_12_names_first_name_' id='label_ff_12_names_first_name_' >Vorname<\/label><\/div><div class='ff-el-input--content'><input type=\"text\" name=\"names[first_name]\" id=\"ff_12_names_first_name_\" class=\"ff-el-form-control\" aria-invalid=\"false\" aria-required=true><\/div><\/div><\/div><div class='ff-t-cell '><div class='ff-el-group'><div class=\"ff-el-input--label ff-el-is-required asterisk-right\"><label for='ff_12_names_last_name_' id='label_ff_12_names_last_name_' >Nachname<\/label><\/div><div class='ff-el-input--content'><input type=\"text\" name=\"names[last_name]\" id=\"ff_12_names_last_name_\" class=\"ff-el-form-control\" aria-invalid=\"false\" aria-required=true><\/div><\/div><\/div><\/div><\/div><div class='ff-el-group'><div class=\"ff-el-input--label ff-el-is-required asterisk-right\"><label for='ff_12_input_text_2' id='label_ff_12_input_text_2' aria-label=\"Stra\u00dfe\/Hausnummer\">Stra\u00dfe\/Hausnummer<\/label><\/div><div class='ff-el-input--content'><input type=\"text\" name=\"input_text_2\" class=\"ff-el-form-control\" data-name=\"input_text_2\" id=\"ff_12_input_text_2\"  aria-invalid=\"false\" aria-required=true><\/div><\/div><div class=\"ff-name-address-wrapper fluent-address\" data-type=\"address-element\" data-name=\"address_1\" ><div class='ff-el-input--content'><div class='ff-t-container'><div class='ff-t-cell'><div class='ff-el-group'><div class=\"ff-el-input--label ff-el-is-required asterisk-right\"><label for='ff_12_address_1_zip_' id='label_ff_12_address_1_zip_' aria-label=\"PLZ\">PLZ<\/label><\/div><div class='ff-el-input--content'><input type=\"text\" name=\"address_1[zip]\" id=\"ff_12_address_1_zip_\" class=\"ff-el-form-control\" data-key_name=\"zip\"  aria-invalid=\"false\" aria-required=true><\/div><\/div><\/div><div class='ff-t-cell'><div class='ff-el-group'><div class=\"ff-el-input--label ff-el-is-required asterisk-right\"><label for='ff_12_address_1_city_' id='label_ff_12_address_1_city_' aria-label=\"Ort\">Ort<\/label><\/div><div class='ff-el-input--content'><input type=\"text\" name=\"address_1[city]\" id=\"ff_12_address_1_city_\" class=\"ff-el-form-control\" data-key_name=\"city\"  aria-invalid=\"false\" aria-required=true><\/div><\/div><\/div><\/div><\/div><\/div><div data-name=\"ff_cn_id_1\"  class='ff-t-container ff-column-container ff_columns_total_2 '><div class='ff-t-cell ff-t-column-1' style='flex-basis: 50%;'><div class='ff-el-group'><div class=\"ff-el-input--label ff-el-is-required asterisk-right\"><label for='ff_12_email' id='label_ff_12_email' aria-label=\"E-Mail\">E-Mail<\/label><\/div><div class='ff-el-input--content'><input type=\"email\" name=\"email\" id=\"ff_12_email\" class=\"ff-el-form-control\" data-name=\"email\"  aria-invalid=\"false\" aria-required=true><\/div><\/div><\/div><div class='ff-t-cell ff-t-column-2' style='flex-basis: 50%;'><div class='ff-el-group'><div class=\"ff-el-input--label ff-el-is-required asterisk-right\"><label for='ff_12_input_text_1' id='label_ff_12_input_text_1' aria-label=\"Telefonnummer\">Telefonnummer<\/label><\/div><div class='ff-el-input--content'><input type=\"text\" name=\"input_text_1\" class=\"ff-el-form-control\" data-name=\"input_text_1\" id=\"ff_12_input_text_1\"  aria-invalid=\"false\" aria-required=true><\/div><\/div><\/div><\/div><div class='ff-el-group'><div class=\"ff-el-input--label asterisk-right\"><label for='ff_12_nachricht' id='label_ff_12_nachricht' aria-label=\"Ihre Nachricht\">Ihre Nachricht<\/label><\/div><div class='ff-el-input--content'><textarea aria-required=\"false\" aria-labelledby=\"label_ff_12_nachricht\" name=\"nachricht\" id=\"ff_12_nachricht\" class=\"ff-el-form-control\" rows=\"4\" cols=\"2\" data-name=\"nachricht\" ><\/textarea><\/div><\/div><div class='ff-el-group'><div class=\"ff-el-input--label ff-el-is-required asterisk-right\"><label   aria-label=\"Datenschutz\">Datenschutz<\/label><\/div><div class='ff-el-input--content'><div class='ff-el-form-check ff-el-form-check-'><label class='ff-el-form-check-label' for='checkbox_38ec2e7d44391a3cc95ef582b66116fc'><input  type=\"checkbox\" name=\"checkbox[]\" data-name=\"checkbox\" class=\"ff-el-form-check-input ff-el-form-check-checkbox\" value=\"Ich habe die &lt;a href=&quot;\/wp2023\/datenschutzerklaerung\/&quot; target=&quot;_blank&quot;&gt;Datenschutzerkl\u00e4rung&lt;\/a&gt; zur Kenntnis genommen. (*)\"  id='checkbox_38ec2e7d44391a3cc95ef582b66116fc' aria-label='Ich habe die &lt;a href=&quot;\/wp2023\/datenschutzerklaerung\/&quot; target=&quot;_blank&quot;&gt;Datenschutzerkl\u00e4rung&lt;\/a&gt; zur Kenntnis genommen. (*)' aria-invalid='false' aria-required=true> <span>Ich habe die <a href=\"\/wp2023\/datenschutzerklaerung\/\" target=\"_blank\">Datenschutzerkl\u00e4rung<\/a> zur Kenntnis genommen. (*)<\/span><\/label><\/div><\/div><\/div><div class='ff-el-group ff-text-right ff_submit_btn_wrapper'><button type=\"submit\" class=\"ff-btn ff-btn-submit ff-btn-md ff_btn_style\"  aria-label=\"Absenden\">Absenden<\/button><\/div><\/fieldset><\/form><div id='fluentform_12_errors' class='ff-errors-in-stack ff_form_instance_12_1 ff-form-loading_errors ff_form_instance_12_1_errors'><\/div><\/div>            <script type=\"text\/javascript\">\n                window.fluent_form_ff_form_instance_12_1 = {\"id\":\"12\",\"settings\":{\"layout\":{\"labelPlacement\":\"top\",\"helpMessagePlacement\":\"with_label\",\"errorMessagePlacement\":\"inline\",\"cssClassName\":\"\",\"asteriskPlacement\":\"asterisk-right\"},\"restrictions\":{\"denyEmptySubmission\":{\"enabled\":false}}},\"form_instance\":\"ff_form_instance_12_1\",\"form_id_selector\":\"fluentform_12\",\"rules\":{\"firmenname\":{\"required\":{\"value\":true,\"message\":\"This field is required\",\"global\":false,\"global_message\":\"This field is required\"}},\"names[first_name]\":{\"required\":{\"value\":true,\"message\":\"This field is required\",\"global\":false,\"global_message\":\"This field is required\"}},\"names[middle_name]\":{\"required\":{\"value\":false,\"message\":\"This field is required\",\"global\":false,\"global_message\":\"This field is required\"}},\"names[last_name]\":{\"required\":{\"value\":true,\"message\":\"This field is required\",\"global\":false,\"global_message\":\"This field is required\"}},\"input_text_2\":{\"required\":{\"value\":true,\"message\":\"Bitte Stra\\u00dfe\\\/Hausnummer eingeben.\",\"global\":false,\"global_message\":\"This field is required\"}},\"address_1[address_line_1]\":{\"required\":{\"value\":false,\"message\":\"This field is required\",\"global\":false,\"global_message\":\"This field is required\"}},\"address_1[address_line_2]\":{\"required\":{\"value\":false,\"message\":\"This field is required\",\"global\":false,\"global_message\":\"This field is required\"}},\"address_1[city]\":{\"required\":{\"value\":true,\"message\":\"Bitte einen Ort eingeben\",\"global\":false,\"global_message\":\"This field is required\"}},\"address_1[state]\":{\"required\":{\"value\":false,\"message\":\"This field is required\",\"global\":false,\"global_message\":\"This field is required\"}},\"address_1[zip]\":{\"required\":{\"value\":true,\"message\":\"Bitte Postleitzahl eingeben\",\"global\":false,\"global_message\":\"This field is required\"}},\"address_1[country]\":{\"required\":{\"value\":false,\"message\":\"This field is required\",\"global\":false,\"global_message\":\"This field is required\"}},\"email\":{\"required\":{\"value\":true,\"message\":\"This field is required\",\"global\":false,\"global_message\":\"This field is required\"},\"email\":{\"value\":true,\"message\":\"This field must contain a valid email\",\"global\":false,\"global_message\":\"This field must contain a valid email\"}},\"input_text_1\":{\"required\":{\"value\":true,\"message\":\"This field is required\",\"global\":false,\"global_message\":\"This field is required\"}},\"nachricht\":{\"required\":{\"value\":false,\"message\":\"This field is required\",\"global\":false,\"global_message\":\"This field is required\"}},\"checkbox\":{\"required\":{\"value\":true,\"message\":\"This field is required\",\"global\":false,\"global_message\":\"This field is required\"}}},\"debounce_time\":300};\n                            <\/script>\n            <\/div>\n<\/div>\n<h2>Lucky Car Services<\/h2>\n<div>\n<ul>\n<li>Reparatur aller:\n<ul>\n<li>Unfallsch\u00e4den<\/li>\n<li>Lacksch\u00e4den<\/li>\n<li>Dellen und Beulen<\/li>\n<li>Hagelsch\u00e4den<\/li>\n<li>Felgensch\u00e4den<\/li>\n<\/ul>\n<\/li>\n<li>Windschutzscheibentausch<\/li>\n<li>Fahrzeug-Aufbereitung (z.B. f\u00fcr Leasing-R\u00fcckgabe)<\/li>\n<\/ul>\n<\/div>\n<h2>Lucky Car Vorteile<\/h2>\n<div>\n<ul>\n<li>Reparatur aller Marken in Premiumqualit\u00e4t<\/li>\n<li>Reparatur f\u00fcr alle Versicherungen<\/li>\n<li>Schnell und unkompliziert<\/li>\n<li>Termine ohne Vorvereinbarung<\/li>\n<li>24h- Fahrzeugabgabe und -abholung<\/li>\n<li>Abwicklung des Versicherungsfalles<\/li>\n<\/ul>\n<\/div>\n<p><p>\n        <a href=\"\/schaden-melden\/\">Schaden melden<\/a>\n    <\/p>\n<\/p>\n<p><p>\n        <a href=\"\/standorte-schweiz\/\">Standort kontaktieren<\/a>\n    <\/p>\n<\/p>\n<p><!--more--><br \/>\n<!-- {\"type\":\"layout\",\"children\":[{\"type\":\"section\",\"props\":{\"class\":\"img-repeat\",\"image\":\"wp-content\\\/uploads\\\/bgyellowwhite.png\",\"image_position\":\"top-left\",\"image_size\":\"contain\",\"padding\":\"none\",\"padding_remove_top\":true,\"style\":\"default\",\"title_breakpoint\":\"xl\",\"title_position\":\"top-left\",\"title_rotation\":\"left\",\"vertical_align\":\"\",\"width\":\"large\"},\"children\":[{\"type\":\"row\",\"children\":[{\"type\":\"column\",\"props\":{\"image_position\":\"center-center\",\"position_sticky_breakpoint\":\"m\"},\"children\":[{\"type\":\"image\",\"props\":{\"image\":\"ygromije\\\/rcarrosserieschaden_am_auto-486a3-2.jpg\",\"image_svg_color\":\"emphasis\",\"margin\":\"default\"}}]}]}],\"name\":\"header image repeat\"},{\"type\":\"section\",\"props\":{\"image_position\":\"center-center\",\"padding\":\"none\",\"style\":\"default\",\"title_breakpoint\":\"xl\",\"title_position\":\"top-left\",\"title_rotation\":\"left\",\"vertical_align\":\"middle\",\"width\":\"default\"},\"children\":[{\"type\":\"row\",\"children\":[{\"type\":\"column\",\"props\":{\"image_position\":\"center-center\",\"position_sticky_breakpoint\":\"m\"},\"children\":[{\"type\":\"headline\",\"props\":{\"content\":\"\n\n<p><span>Bis zu 20% Mitarbeiter-Konditionen!<\\\/span><\\\/p>\",\"title_element\":\"h1\",\"title_style\":\"h2\"}},{\"type\":\"text\",\"props\":{\"column_breakpoint\":\"m\",\"content\":\"\n\n<p>Profitieren Sie als Firmenkunde von unseren attraktiven Konditionen und sparen Sie bis zu 20% auf erstklassige Reparaturen in Herstellerqualit\\u00e4t. Ob Lack-, Karosserie- oder Glassch\\u00e4den \\u2013 wir bringen Ihr Fahrzeug schnell und zuverl\\u00e4ssig wieder auf Vordermann. Und das Beste: Sie m\\u00fcssen sich um nichts k\\u00fcmmern!<\\\/p>\\n\n\n<p>Interesse? Kontaktieren Sie uns einfach \\u00fcber das Formular und wir melden uns bei Ihnen.<\\\/p>\",\"margin\":\"default\",\"maxwidth\":\"2xlarge\"}}]}]}]},{\"type\":\"section\",\"props\":{\"image_position\":\"center-center\",\"style\":\"default\",\"title_breakpoint\":\"xl\",\"title_position\":\"top-left\",\"title_rotation\":\"left\",\"vertical_align\":\"\",\"width\":\"default\"},\"children\":[{\"type\":\"row\",\"children\":[{\"type\":\"column\",\"props\":{\"image_position\":\"center-center\",\"position_sticky_breakpoint\":\"m\"},\"children\":[{\"type\":\"headline\",\"props\":{\"content\":\"<span>Unsere Services<\\\/span>\",\"title_element\":\"h2\"}},{\"type\":\"text\",\"props\":{\"column_breakpoint\":\"m\",\"content\":\"\n\n<p>Auf ein Bild klicken um die gr\\u00f6ssere Ansicht zu \\u00f6ffnen.<\\\/p>\",\"margin\":\"default\"}},{\"type\":\"gallery\",\"props\":{\"filter_align\":\"left\",\"filter_all\":true,\"filter_grid_breakpoint\":\"m\",\"filter_grid_width\":\"auto\",\"filter_position\":\"top\",\"filter_style\":\"tab\",\"grid_column_gap\":\"small\",\"grid_default\":\"1\",\"grid_medium\":\"4\",\"grid_row_gap\":\"small\",\"image_box_shadow\":\"small\",\"image_expand\":false,\"image_transition\":\"scale-up\",\"image_transition_border\":false,\"item_animation\":true,\"lightbox\":true,\"lightbox_bg_close\":true,\"link_style\":\"default\",\"link_text\":\"\",\"margin\":\"default\",\"meta_align\":\"below-title\",\"meta_element\":\"div\",\"meta_style\":\"text-meta\",\"overlay_hover\":true,\"overlay_link\":true,\"overlay_mode\":\"cover\",\"overlay_position\":\"center\",\"overlay_style\":\"\",\"overlay_transition\":\"fade\",\"overlay_transition_background\":true,\"show_content\":false,\"show_hover_image\":true,\"show_hover_video\":false,\"show_link\":true,\"show_meta\":false,\"show_title\":false,\"text_align\":\"\",\"text_blend\":false,\"text_color\":\"light\",\"title_element\":\"h3\",\"title_hover_style\":\"reset\"},\"children\":[{\"type\":\"gallery_item\",\"props\":{\"image\":\"ygromije\\\/f1.jpg\",\"title\":\"f1\"}},{\"type\":\"gallery_item\",\"props\":{\"image\":\"ygromije\\\/f2.jpg\",\"title\":\"f2\"}},{\"type\":\"gallery_item\",\"props\":{\"image\":\"ygromije\\\/f3.jpg\",\"title\":\"f3\"}},{\"type\":\"gallery_item\",\"props\":{\"image\":\"ygromije\\\/f4.jpg\",\"title\":\"f4\"}}]},{\"type\":\"grid\",\"props\":{\"content_column_breakpoint\":\"m\",\"filter_align\":\"left\",\"filter_all\":true,\"filter_grid_breakpoint\":\"m\",\"filter_grid_width\":\"auto\",\"filter_position\":\"top\",\"filter_style\":\"tab\",\"grid_default\":\"1\",\"grid_medium\":\"3\",\"icon_width\":80,\"image_align\":\"top\",\"image_grid_breakpoint\":\"m\",\"image_grid_width\":\"1-2\",\"image_height\":90,\"image_svg_color\":\"emphasis\",\"image_width\":90,\"item_animation\":true,\"lightbox_bg_close\":true,\"link_style\":\"default\",\"link_text\":\"Read more\",\"margin\":\"default\",\"meta_align\":\"below-title\",\"meta_element\":\"div\",\"meta_style\":\"text-meta\",\"panel_padding\":\"default\",\"panel_style\":\"card-default\",\"show_content\":true,\"show_hover_image\":true,\"show_hover_video\":true,\"show_image\":true,\"show_link\":true,\"show_meta\":true,\"show_title\":true,\"show_video\":true,\"status\":\"disabled\",\"title_align\":\"top\",\"title_element\":\"h3\",\"title_grid_breakpoint\":\"m\",\"title_grid_width\":\"1-2\",\"title_hover_style\":\"reset\"},\"children\":[{\"type\":\"grid_item\",\"props\":{\"content\":\"\n\n<p>Windschutzscheibentausch und -Reparatur<\\\/p>\",\"image\":\"ygromije\\\/icon-autoglas.jpg\",\"title\":\"Autoglas\"}},{\"type\":\"grid_item\",\"props\":{\"content\":\"Felgenreparaturen\\n(auch CNC)\\n\",\"image\":\"ygromije\\\/icon-pneu1.jpg\",\"title\":\"Pneu & Felgen\"}},{\"type\":\"grid_item\",\"props\":{\"content\":\"Inspektion, MFK, Bremsen\",\"image\":\"ygromije\\\/icon-service1.jpg\",\"title\":\"Service & Mechanik\"}},{\"type\":\"grid_item\",\"props\":{\"content\":\"Zus\\u00e4tzliche Vorteile und\\nErm\\u00e4ssigungen\",\"image\":\"ygromije\\\/icon-pass.jpg\",\"title\":\"Lucky Pass\"}},{\"type\":\"grid_item\",\"props\":{\"content\":\"Unfall- und Blechsch\\u00e4den,\\nHagelsch\\u00e4den, Aufbereitung\",\"image\":\"ygromije\\\/icon-lack.jpg\",\"title\":\"Lack & Carrosserie\"}}]}]}]}]},{\"type\":\"section\",\"props\":{\"id\":\"anmeldung\",\"image_position\":\"center-center\",\"style\":\"muted\",\"title_breakpoint\":\"xl\",\"title_position\":\"top-left\",\"title_rotation\":\"left\",\"vertical_align\":\"\",\"width\":\"default\"},\"children\":[{\"type\":\"row\",\"props\":{\"layout\":\"1-3,2-3\"},\"children\":[{\"type\":\"column\",\"props\":{\"image_position\":\"center-center\",\"position_sticky_breakpoint\":\"m\",\"width_medium\":\"1-3\"},\"children\":[{\"type\":\"panel\",\"props\":{\"content\":\"\",\"content_column_breakpoint\":\"m\",\"content_en_gb\":\"\n\n<p>Upload up to 3 photos and describe the damage.<\\\/p>\",\"content_fr_fr\":\"Veuillez t\\u00e9l\\u00e9charger jusqu'\\u00e0 3 photos et d\\u00e9crire vos dommages.\\n\",\"content_it_it\":\"Ti preghiamo di caricare max 3 foto e di descrivere il danno.\\n\",\"icon\":\"info\",\"icon_width\":80,\"image_align\":\"top\",\"image_grid_breakpoint\":\"m\",\"image_grid_width\":\"1-2\",\"image_svg_color\":\"emphasis\",\"link_style\":\"default\",\"link_text\":\"Read more\",\"margin\":\"default\",\"meta_align\":\"below-title\",\"meta_element\":\"div\",\"meta_style\":\"text-meta\",\"panel_padding\":\"default\",\"panel_style\":\"card-primary\",\"title\":\" CHF 150,- Cashback\",\"title_align\":\"top\",\"title_element\":\"h3\",\"title_en_gb\":\"Step 1\",\"title_fr_fr\":\"\\u00c9tape 1\",\"title_grid_breakpoint\":\"m\",\"title_grid_width\":\"1-2\",\"title_hover_style\":\"reset\",\"title_it_it\":\"Passo 1\"}},{\"type\":\"panel\",\"props\":{\"content\":\"\\negal ob Hagel, Haftpflicht,Vollkasko\",\"content_column_breakpoint\":\"m\",\"content_en_gb\":\"\n\n<p>We\\u2019ll contact you and provide a rough price estimate for your car\\u2019s repairs.<\\\/p>\",\"content_fr_fr\":\"Nous vous contacterons et vous indiquerons \\u00e0 l'avance le prix approximatif de votre demande de r\\u00e9paration.\\n\",\"content_it_it\":\"Ti contatteremo e ti comunicheremo in anticipo il prezzo approssimativo per la tua richiesta di riparazione.\",\"icon\":\"comments\",\"icon_width\":80,\"image_align\":\"top\",\"image_grid_breakpoint\":\"m\",\"image_grid_width\":\"1-2\",\"image_svg_color\":\"emphasis\",\"link_style\":\"default\",\"link_text\":\"Read more\",\"margin\":\"default\",\"meta_align\":\"below-title\",\"meta_element\":\"div\",\"meta_style\":\"text-meta\",\"panel_padding\":\"default\",\"panel_style\":\"card-primary\",\"title\":\"Gratis Innenreinigung beim n\\u00e4chsten Versicherungsschaden\",\"title_align\":\"top\",\"title_element\":\"h3\",\"title_en_gb\":\"Step 2\",\"title_fr_fr\":\"\\u00c9tape 2\",\"title_grid_breakpoint\":\"m\",\"title_grid_width\":\"1-2\",\"title_hover_style\":\"reset\",\"title_it_it\":\"Passo 2\"}}]},{\"type\":\"column\",\"props\":{\"image_position\":\"center-center\",\"position_sticky_breakpoint\":\"m\",\"width_medium\":\"2-3\"},\"children\":[{\"type\":\"panel\",\"props\":{\"content\":\"[fluentform id=\\\"12\\\"]\",\"content_column_breakpoint\":\"m\",\"icon_width\":80,\"image_align\":\"top\",\"image_grid_breakpoint\":\"m\",\"image_grid_width\":\"1-2\",\"image_svg_color\":\"emphasis\",\"link_style\":\"default\",\"link_text\":\"Read more\",\"margin\":\"default\",\"meta_align\":\"below-title\",\"meta_element\":\"div\",\"meta_style\":\"text-meta\",\"panel_padding\":\"default\",\"panel_style\":\"card-default\",\"title_align\":\"top\",\"title_element\":\"h3\",\"title_grid_breakpoint\":\"m\",\"title_grid_width\":\"1-2\",\"title_hover_style\":\"reset\"}}]}]}],\"name\":\"Anmeldung\"},{\"type\":\"section\",\"props\":{\"image_position\":\"center-center\",\"style\":\"default\",\"title_breakpoint\":\"xl\",\"title_position\":\"top-left\",\"title_rotation\":\"left\",\"vertical_align\":\"\",\"width\":\"default\"},\"children\":[{\"type\":\"row\",\"props\":{\"layout\":\"1-2,1-2\"},\"children\":[{\"type\":\"column\",\"props\":{\"image_position\":\"center-center\",\"position_sticky_breakpoint\":\"m\",\"width_medium\":\"1-2\"},\"children\":[{\"type\":\"headline\",\"props\":{\"content\":\"Lucky Car Services\",\"title_element\":\"h2\"}},{\"type\":\"text\",\"props\":{\"column_breakpoint\":\"m\",\"content\":\"\n\n<ul>\\n\n\n<li>Reparatur aller:\\n\n\n<ul>\\n\n\n<li>Unfallsch\\u00e4den<\\\/li>\\n\n\n<li>Lacksch\\u00e4den<\\\/li>\\n\n\n<li>Dellen und Beulen<\\\/li>\\n\n\n<li>Hagelsch\\u00e4den<\\\/li>\\n\n\n<li>Felgensch\\u00e4den<\\\/li>\\n<\\\/ul>\\n<\\\/li>\\n\n\n<li>Windschutzscheibentausch<\\\/li>\\n\n\n<li>Fahrzeug-Aufbereitung (z.B. f\\u00fcr Leasing-R\\u00fcckgabe)<\\\/li>\\n<\\\/ul>\",\"margin\":\"default\"}}]},{\"type\":\"column\",\"props\":{\"image_position\":\"center-center\",\"position_sticky_breakpoint\":\"m\",\"width_medium\":\"1-2\"},\"children\":[{\"type\":\"headline\",\"props\":{\"content\":\"Lucky Car Vorteile\",\"title_element\":\"h2\"}},{\"type\":\"text\",\"props\":{\"column_breakpoint\":\"m\",\"content\":\"\n\n<ul>\\n\n\n<li>Reparatur aller Marken in Premiumqualit\\u00e4t<\\\/li>\\n\n\n<li>Reparatur f\\u00fcr alle Versicherungen<\\\/li>\\n\n\n<li>Schnell und unkompliziert<\\\/li>\\n\n\n<li>Termine ohne Vorvereinbarung<\\\/li>\\n\n\n<li>24h- Fahrzeugabgabe und -abholung<\\\/li>\\n\n\n<li>Abwicklung des Versicherungsfalles<\\\/li>\\n<\\\/ul>\",\"margin\":\"default\"}}]}]}],\"name\":\"Vorteile\"},{\"type\":\"section\",\"props\":{\"animation\":\"fade\",\"image_position\":\"center-center\",\"padding_remove_top\":true,\"style\":\"default\",\"title_breakpoint\":\"xl\",\"title_position\":\"top-left\",\"title_rotation\":\"left\",\"vertical_align\":\"\",\"width\":\"small\"},\"children\":[{\"type\":\"row\",\"children\":[{\"type\":\"column\",\"props\":{\"image_position\":\"center-center\",\"position_sticky_breakpoint\":\"m\",\"width_medium\":\"1-2\"},\"children\":[{\"type\":\"button\",\"props\":{\"animation\":\"slide-bottom-small\",\"fullwidth\":true,\"grid_column_gap\":\"small\",\"grid_row_gap\":\"small\",\"margin\":\"default\",\"text_align\":\"center\"},\"children\":[{\"type\":\"button_item\",\"props\":{\"button_style\":\"primary\",\"content\":\"Schaden melden\",\"dialog_layout\":\"modal\",\"dialog_offcanvas_flip\":true,\"icon_align\":\"left\",\"link\":\"schaden-melden\\\/\",\"link_title\":\"Lack und Karosserie Schaden melden\"}}]}]},{\"type\":\"column\",\"props\":{\"image_position\":\"center-center\",\"position_sticky_breakpoint\":\"m\",\"width_medium\":\"1-2\"},\"children\":[{\"type\":\"button\",\"props\":{\"animation\":\"slide-bottom-small\",\"fullwidth\":true,\"grid_column_gap\":\"small\",\"grid_row_gap\":\"small\",\"margin\":\"default\",\"text_align\":\"center\"},\"children\":[{\"type\":\"button_item\",\"props\":{\"button_style\":\"primary\",\"content\":\"Standort kontaktieren\",\"dialog_layout\":\"modal\",\"dialog_offcanvas_flip\":true,\"icon_align\":\"left\",\"link\":\"standorte-schweiz\\\/\"}}]}]}],\"props\":{\"layout\":\"1-2,1-2\"}}],\"name\":\"08-23-buttons schaden und standort\"}],\"version\":\"4.5.9\"} --><\/p>\n","protected":false},"excerpt":{"rendered":"<p>Bis zu 20% Mitarbeiter-Konditionen! Profitieren Sie als Firmenkunde von unseren attraktiven Konditionen und sparen Sie bis zu 20% auf erstklassige Reparaturen in Herstellerqualit\u00e4t. Ob Lack-, Karosserie- oder Glassch\u00e4den \u2013 wir bringen Ihr Fahrzeug schnell und zuverl\u00e4ssig wieder auf Vordermann. Und das Beste: Sie m\u00fcssen sich um nichts k\u00fcmmern! Interesse? Kontaktieren Sie uns einfach \u00fcber das [&hellip;]<\/p>\n","protected":false},"author":1,"featured_media":0,"parent":0,"menu_order":2,"comment_status":"closed","ping_status":"closed","template":"","meta":{"_acf_changed":false,"_seopress_robots_primary_cat":"","_seopress_titles_title":"","_seopress_titles_desc":"","_seopress_robots_index":"","_joinchat":[],"footnotes":""},"class_list":["post-29650","page","type-page","status-publish","hentry"],"acf":[],"_links":{"self":[{"href":"https:\/\/www.lucky-car.ch\/en\/wp-json\/wp\/v2\/pages\/29650","targetHints":{"allow":["GET"]}}],"collection":[{"href":"https:\/\/www.lucky-car.ch\/en\/wp-json\/wp\/v2\/pages"}],"about":[{"href":"https:\/\/www.lucky-car.ch\/en\/wp-json\/wp\/v2\/types\/page"}],"author":[{"embeddable":true,"href":"https:\/\/www.lucky-car.ch\/en\/wp-json\/wp\/v2\/users\/1"}],"replies":[{"embeddable":true,"href":"https:\/\/www.lucky-car.ch\/en\/wp-json\/wp\/v2\/comments?post=29650"}],"version-history":[{"count":5,"href":"https:\/\/www.lucky-car.ch\/en\/wp-json\/wp\/v2\/pages\/29650\/revisions"}],"predecessor-version":[{"id":30143,"href":"https:\/\/www.lucky-car.ch\/en\/wp-json\/wp\/v2\/pages\/29650\/revisions\/30143"}],"wp:attachment":[{"href":"https:\/\/www.lucky-car.ch\/en\/wp-json\/wp\/v2\/media?parent=29650"}],"curies":[{"name":"wp","href":"https:\/\/api.w.org\/{rel}","templated":true}]}}