{"id":156,"date":"2023-07-21T10:50:10","date_gmt":"2023-07-21T08:50:10","guid":{"rendered":"https:\/\/www.lucky-car.ch\/?page_id=156"},"modified":"2023-09-29T10:18:26","modified_gmt":"2023-09-29T08:18:26","slug":"leasingruecklaeufer","status":"publish","type":"page","link":"https:\/\/www.lucky-car.ch\/en\/leasing-returns\/","title":{"rendered":"Leasing returns"},"content":{"rendered":"<p><img decoding=\"async\" src=\"\/wp2023\/wp-content\/uploads\/LC-Banner-WEB-1260x394_Leasingruecklaeufer.png\" alt=\"Pannenhilfe f\u00fcr  Auto\"><\/p>\n<h1>Leasingr\u00fcckl\u00e4ufer<\/h1>\n<div>\n<p><strong>Wird das Fahrzeug am Leasing-Ende nicht in top Zustand abgegeben, wird es teuer!<\/strong> <br \/>Fast jedes Fahrzeug weist am Ende der Vertragsdauer jedoch Abnutzungen und Besch\u00e4digungen auf, z.B. zerkratze Felgen, Lackkratzer, kleine Beulen oder Verschmutzungen im Innenraum.<\/p>\n<p>Die Kosten f\u00fcr die Behebung dieser M\u00e4ngel werden voll in Abzug gebracht, es kommen schnell mehrere Tausend CHF zusammen. Lucky Car ist spezialisiert auf die Aufbereitung von Fahrzeugen die am Leasingende an die Leasinggesellschaft zur\u00fcck gegeben werden m\u00fcssen.\u00a0<\/p>\n<\/div>\n<div>\n<div>\n<p>Durch eine Aufbereitung Ihres Fahrzeugs bei uns im Haus sparen Sie sich am Leasingende Nervenkitzel und eine Menge Geld.<\/p>\n<\/div>\n<\/div>\n<div>\n<p>Sie bringen Sich zudem in eine bessere Verhandlungsposition, sollten Sie ein neues Fahrzeug beim gleichen H\u00e4ndler kaufen oder leasen wollen, weil Sie nicht durch die vielen kleinen Sch\u00e4den vor einem Kostenberg stehen und froh sein m\u00fcssen dass man Ihnen ein paar Franken nachl\u00e4sst wenn Sie den n\u00e4chsten Vertrag abschliessen. Sondern Sie sind frei, und Freiheit lohnt sich!<\/p>\n<\/div>\n<p><img decoding=\"async\" src=\"\/wp2023\/wp-content\/uploads\/leasingruecklaeufer.jpg\" alt=\"\"><\/p>\n<p>\n    <a href=\"\/wp2023\/schaden-melden\/?description=Leasingr%C3%BCckl%C3%A4ufer\">Schaden melden<\/a>\n<\/p>\n<p>\n    <a href=\"\/wp2023\/standorte-schweiz\/\">Standort kontaktieren<\/a>\n<\/p>\n<p><!--more--><br \/>\n<!-- {\"type\":\"layout\",\"children\":[{\"type\":\"section\",\"props\":{\"class\":\"img-repeat\",\"image\":\"wp-content\\\/uploads\\\/2023\\\/05\\\/bgyellowwhite.png\",\"image_position\":\"top-left\",\"image_size\":\"contain\",\"padding\":\"none\",\"padding_remove_top\":true,\"style\":\"default\",\"title_breakpoint\":\"xl\",\"title_position\":\"top-left\",\"title_rotation\":\"left\",\"vertical_align\":\"middle\",\"width\":\"large\"},\"children\":[{\"type\":\"row\",\"children\":[{\"type\":\"column\",\"props\":{\"image_position\":\"center-center\",\"position_sticky_breakpoint\":\"m\"},\"children\":[{\"type\":\"image\",\"props\":{\"image\":\"wp-content\\\/uploads\\\/LC-Banner-WEB-1260x394_Leasingruecklaeufer.png\",\"image_alt\":\"Pannenhilfe f\\u00fcr  Auto\",\"image_svg_color\":\"emphasis\",\"margin\":\"default\"}}]}]}],\"name\":\"header image repeat\"},{\"type\":\"section\",\"props\":{\"image_position\":\"center-center\",\"padding_remove_top\":true,\"style\":\"default\",\"title_breakpoint\":\"xl\",\"title_position\":\"top-left\",\"title_rotation\":\"left\",\"vertical_align\":\"middle\",\"width\":\"default\"},\"children\":[{\"type\":\"row\",\"children\":[{\"type\":\"column\",\"props\":{\"image_position\":\"center-center\",\"position_sticky_breakpoint\":\"m\"},\"children\":[{\"type\":\"headline\",\"props\":{\"content\":\"Leasingr\\u00fcckl\\u00e4ufer\",\"content_en_gb\":\"Leasing returns\",\"title_element\":\"h1\"}}]}]},{\"type\":\"row\",\"children\":[{\"type\":\"column\",\"props\":{\"image_position\":\"center-center\",\"position_sticky_breakpoint\":\"m\"},\"children\":[{\"type\":\"text\",\"props\":{\"column_breakpoint\":\"m\",\"content\":\"\n\n<p><strong>Wird das Fahrzeug am Leasing-Ende nicht in top Zustand abgegeben, wird es teuer!<\\\/strong> <br \\\/>Fast jedes Fahrzeug weist am Ende der Vertragsdauer jedoch Abnutzungen und Besch\\u00e4digungen auf, z.B. zerkratze Felgen, Lackkratzer, kleine Beulen oder Verschmutzungen im Innenraum.<\\\/p>\\n\n\n<p>Die Kosten f\\u00fcr die Behebung dieser M\\u00e4ngel werden voll in Abzug gebracht, es kommen schnell mehrere Tausend CHF zusammen. Lucky Car ist spezialisiert auf die Aufbereitung von Fahrzeugen die am Leasingende an die Leasinggesellschaft zur\\u00fcck gegeben werden m\\u00fcssen.\\u00a0<\\\/p>\",\"content_en_gb\":\"\n\n<p><strong>If the vehicle is not returned in top condition at the end of the lease, it will be expensive!<\\\/strong> <br \\\/>Almost every vehicle, however, shows wear and tear and damage at the end of the contract period, e.g. scratched rims, paint scratches, small dents or dirt in the interior.<\\\/p>\\n\n\n<p>The costs for repairing these defects are deducted in full, quickly adding up to several thousand CHF. Lucky Car specialises in the reconditioning of vehicles that have to be returned to the leasing company at the end of the lease;<\\\/p>\",\"margin\":\"default\",\"maxwidth\":\"2xlarge\"}},{\"type\":\"panel\",\"props\":{\"content\":\"\n\n<p>Durch eine Aufbereitung Ihres Fahrzeugs bei uns im Haus sparen Sie sich am Leasingende Nervenkitzel und eine Menge Geld.<\\\/p>\",\"content_column_breakpoint\":\"m\",\"content_en_gb\":\"\n\n<p>By reconditioning your vehicle in-house, you save yourself thrills and a lot of money at the end of the lease.<\\\/p>\",\"icon\":\"info\",\"icon_width\":\"45\",\"image_align\":\"left\",\"image_grid_breakpoint\":\"m\",\"image_grid_column_gap\":\"small\",\"image_grid_row_gap\":\"small\",\"image_grid_width\":\"auto\",\"image_svg_color\":\"emphasis\",\"link_style\":\"default\",\"link_text\":\"Read more\",\"margin\":\"medium\",\"maxwidth\":\"2xlarge\",\"meta_align\":\"below-title\",\"meta_element\":\"div\",\"meta_style\":\"text-meta\",\"panel_padding\":\"small\",\"panel_style\":\"card-default\",\"title_align\":\"top\",\"title_element\":\"h3\",\"title_grid_breakpoint\":\"m\",\"title_grid_width\":\"1-2\",\"title_hover_style\":\"reset\"}},{\"type\":\"text\",\"props\":{\"column_breakpoint\":\"m\",\"content\":\"\n\n<p>Sie bringen Sich zudem in eine bessere Verhandlungsposition, sollten Sie ein neues Fahrzeug beim gleichen H\\u00e4ndler kaufen oder leasen wollen, weil Sie nicht durch die vielen kleinen Sch\\u00e4den vor einem Kostenberg stehen und froh sein m\\u00fcssen dass man Ihnen ein paar Franken nachl\\u00e4sst wenn Sie den n\\u00e4chsten Vertrag abschliessen. Sondern Sie sind frei, und Freiheit lohnt sich!<\\\/p>\",\"content_en_gb\":\"\n\n<p>You also put yourself in a better negotiating position if you want to buy or lease a new vehicle from the same dealer, because you are not faced with a mountain of costs due to the many small damages and have to be happy that they will let you off a few francs when you sign the next contract. Instead, you are free, and freedom pays off!<\\\/p>\",\"margin\":\"default\",\"maxwidth\":\"2xlarge\"}},{\"type\":\"image\",\"props\":{\"image\":\"wp-content\\\/uploads\\\/leasingruecklaeufer.jpg\",\"image_svg_color\":\"emphasis\",\"margin\":\"medium\"}}]}]}]},{\"type\":\"section\",\"props\":{\"animation\":\"fade\",\"image_position\":\"center-center\",\"padding_remove_top\":true,\"style\":\"default\",\"title_breakpoint\":\"xl\",\"title_position\":\"top-left\",\"title_rotation\":\"left\",\"vertical_align\":\"middle\",\"width\":\"small\"},\"children\":[{\"type\":\"row\",\"children\":[{\"type\":\"column\",\"props\":{\"image_position\":\"center-center\",\"position_sticky_breakpoint\":\"m\",\"width_medium\":\"1-2\"},\"children\":[{\"type\":\"button\",\"props\":{\"animation\":\"slide-bottom-small\",\"fullwidth\":true,\"grid_column_gap\":\"small\",\"grid_row_gap\":\"small\",\"margin\":\"default\",\"text_align\":\"center\"},\"children\":[{\"type\":\"button_item\",\"props\":{\"button_style\":\"primary\",\"content\":\"Schaden melden\",\"icon_align\":\"left\",\"link\":\"schaden-melden\\\/?description=Leasingr\\u00fcckl\\u00e4ufer\",\"link_title\":\"Lack und Karosserie Schaden melden\"}}]}]},{\"type\":\"column\",\"props\":{\"image_position\":\"center-center\",\"position_sticky_breakpoint\":\"m\",\"width_medium\":\"1-2\"},\"children\":[{\"type\":\"button\",\"props\":{\"animation\":\"slide-bottom-small\",\"fullwidth\":true,\"grid_column_gap\":\"small\",\"grid_row_gap\":\"small\",\"margin\":\"default\",\"text_align\":\"center\"},\"children\":[{\"type\":\"button_item\",\"props\":{\"button_style\":\"primary\",\"content\":\"Standort kontaktieren\",\"icon_align\":\"left\",\"link\":\"standorte-schweiz\\\/\"}}]}]}],\"props\":{\"layout\":\"1-2,1-2\"}}],\"name\":\"08-23-buttons schaden und standort\"}],\"version\":\"4.0.10\"} --><\/p>\n","protected":false},"excerpt":{"rendered":"<p>Leasingr\u00fcckl\u00e4ufer Wird das Fahrzeug am Leasing-Ende nicht in top Zustand abgegeben, wird es teuer! Fast jedes Fahrzeug weist am Ende der Vertragsdauer jedoch Abnutzungen und Besch\u00e4digungen auf, z.B. zerkratze Felgen, Lackkratzer, kleine Beulen oder Verschmutzungen im Innenraum. Die Kosten f\u00fcr die Behebung dieser M\u00e4ngel werden voll in Abzug gebracht, es kommen schnell mehrere Tausend CHF [&hellip;]<\/p>\n","protected":false},"author":1,"featured_media":0,"parent":0,"menu_order":0,"comment_status":"closed","ping_status":"closed","template":"","meta":{"_acf_changed":false,"_seopress_robots_primary_cat":"","_seopress_titles_title":"","_seopress_titles_desc":"Durch eine Aufbereitung Ihres Fahrzeugs bei uns im Haus sparen Sie sich am Leasingende Nervenkitzel und eine Menge Geld.","_seopress_robots_index":"","_joinchat":[],"footnotes":""},"class_list":["post-156","page","type-page","status-publish","hentry"],"acf":[],"_links":{"self":[{"href":"https:\/\/www.lucky-car.ch\/en\/wp-json\/wp\/v2\/pages\/156","targetHints":{"allow":["GET"]}}],"collection":[{"href":"https:\/\/www.lucky-car.ch\/en\/wp-json\/wp\/v2\/pages"}],"about":[{"href":"https:\/\/www.lucky-car.ch\/en\/wp-json\/wp\/v2\/types\/page"}],"author":[{"embeddable":true,"href":"https:\/\/www.lucky-car.ch\/en\/wp-json\/wp\/v2\/users\/1"}],"replies":[{"embeddable":true,"href":"https:\/\/www.lucky-car.ch\/en\/wp-json\/wp\/v2\/comments?post=156"}],"version-history":[{"count":0,"href":"https:\/\/www.lucky-car.ch\/en\/wp-json\/wp\/v2\/pages\/156\/revisions"}],"wp:attachment":[{"href":"https:\/\/www.lucky-car.ch\/en\/wp-json\/wp\/v2\/media?parent=156"}],"curies":[{"name":"wp","href":"https:\/\/api.w.org\/{rel}","templated":true}]}}