{"id":152,"date":"2023-07-21T10:48:01","date_gmt":"2023-07-21T08:48:01","guid":{"rendered":"https:\/\/www.lucky-car.ch\/?page_id=152"},"modified":"2023-08-21T11:20:09","modified_gmt":"2023-08-21T09:20:09","slug":"pannenhilfe","status":"publish","type":"page","link":"https:\/\/www.lucky-car.ch\/en\/breakdown-service\/","title":{"rendered":"Breakdown service"},"content":{"rendered":"<p><img decoding=\"async\" src=\"\/wp2023\/wp-content\/uploads\/pannenhilfe.jpg\" alt=\"Pannenhilfe f\u00fcr  Auto\"><\/p>\n<h1>Unser 24 Stunden-Pannenservice<\/h1>\n<div>\n<p>Ein Unfall oder ein technisches Problem an deinem Fahrzeug passiert schneller als gedacht. Wir sind f\u00fcr dich da &#8211; rund um die Uhr, auch an Sonn- und Feiertagen.<\/p>\n<p>Bei Unf\u00e4llen oder technischen Problemen sind wir f\u00fcr dich bei unserer 24 Stunden Abschlepphilfe erreichbar unter:<\/p>\n<\/div>\n<p>\n    <a href=\"tel:+41 76 411 30 77\">+41 76 411 30 77<\/a>\n<\/p>\n<div>\n<p><span>Sag uns wo du liegen geblieben bist und wir kommen umgehend, um dich aus der Situation zu befreien. <\/span><\/p>\n<p>Nach Verf\u00fcgbarkeit und telefonischer Vereinbarung stellen wir dir auch gerne ein Ersatzfahrzeug f\u00fcr die Dauer der Reparatur zur Verf\u00fcgung.<\/p>\n<p><strong>Lucky Car macht\u2019s wieder gut!<\/strong><\/p>\n<\/div>\n<p><img decoding=\"async\" src=\"\/wp2023\/wp-content\/uploads\/photo-1673187139211-1e7ec3dd60ec.jpg\" alt=\"\"><\/p>\n<p><!--more--><br \/>\n<!-- {\"type\":\"layout\",\"children\":[{\"type\":\"section\",\"props\":{\"class\":\"img-repeat\",\"image\":\"wp-content\\\/uploads\\\/2023\\\/05\\\/bgyellowwhite.png\",\"image_position\":\"top-left\",\"image_size\":\"contain\",\"padding\":\"none\",\"padding_remove_top\":true,\"style\":\"default\",\"title_breakpoint\":\"xl\",\"title_position\":\"top-left\",\"title_rotation\":\"left\",\"vertical_align\":\"middle\",\"width\":\"large\"},\"children\":[{\"type\":\"row\",\"children\":[{\"type\":\"column\",\"props\":{\"image_position\":\"center-center\",\"position_sticky_breakpoint\":\"m\"},\"children\":[{\"type\":\"image\",\"props\":{\"image\":\"wp-content\\\/uploads\\\/pannenhilfe.jpg\",\"image_alt\":\"Pannenhilfe f\\u00fcr  Auto\",\"image_svg_color\":\"emphasis\",\"margin\":\"default\"}}]}]}],\"name\":\"header image repeat\"},{\"type\":\"section\",\"props\":{\"image_position\":\"center-center\",\"padding_remove_top\":true,\"style\":\"default\",\"title_breakpoint\":\"xl\",\"title_position\":\"top-left\",\"title_rotation\":\"left\",\"vertical_align\":\"middle\",\"width\":\"default\"},\"children\":[{\"type\":\"row\",\"children\":[{\"type\":\"column\",\"props\":{\"image_position\":\"center-center\",\"position_sticky_breakpoint\":\"m\"},\"children\":[{\"type\":\"headline\",\"props\":{\"content\":\"Unser 24 Stunden-Pannenservice\",\"content_en_gb\":\"Our 24 hour breakdown service\",\"title_element\":\"h1\"}}]}]},{\"type\":\"row\",\"children\":[{\"type\":\"column\",\"props\":{\"image_position\":\"center-center\",\"position_sticky_breakpoint\":\"m\"},\"children\":[{\"type\":\"text\",\"props\":{\"column_breakpoint\":\"m\",\"content\":\"\n\n<p>Ein Unfall oder ein technisches Problem an deinem Fahrzeug passiert schneller als gedacht. Wir sind f\\u00fcr dich da - rund um die Uhr, auch an Sonn- und Feiertagen.<\\\/p>\\n\n\n<p>Bei Unf\\u00e4llen oder technischen Problemen sind wir f\\u00fcr dich bei unserer 24 Stunden Abschlepphilfe erreichbar unter:<\\\/p>\",\"content_en_gb\":\"\n\n<p>An accident or a technical problem with your vehicle can happen faster than you think. We are there for you - around the clock, even on Sundays and public holidays.<\\\/p>\\n\n\n<p>In case of accidents or technical problems, you can reach us at our 24-hour towing service at:<\\\/p>\",\"margin\":\"default\",\"maxwidth\":\"2xlarge\"}},{\"type\":\"button\",\"props\":{\"button_size\":\"large\",\"fullwidth\":false,\"grid_column_gap\":\"small\",\"grid_row_gap\":\"small\",\"margin\":\"default\"},\"children\":[{\"type\":\"button_item\",\"props\":{\"button_style\":\"default\",\"content\":\"+41 76 411 30 77\",\"icon\":\"phone\",\"icon_align\":\"left\",\"link\":\"tel:+41 76 411 30 77\"}}]},{\"type\":\"text\",\"props\":{\"column_breakpoint\":\"m\",\"content\":\"\n\n<p><span>Sag uns wo du liegen geblieben bist und wir kommen umgehend, um dich aus der Situation zu befreien. <\\\/span><\\\/p>\\n\n\n<p>Nach Verf\\u00fcgbarkeit und telefonischer Vereinbarung stellen wir dir auch gerne ein Ersatzfahrzeug f\\u00fcr die Dauer der Reparatur zur Verf\\u00fcgung.<\\\/p>\\n\n\n<p><strong>Lucky Car macht\\u2019s wieder gut!<\\\/strong><\\\/p>\",\"content_en_gb\":\"\n\n<p>Tell us where you broke down and we will come immediately to get you out of the situation.<\\\/p>\\n\n\n<p>Subject to availability and agreement by telephone, we will also be happy to provide you with a replacement vehicle for the duration of the repair.<\\\/p>\\n\n\n<p><strong>Lucky Car makes up for it!<\\\/strong><\\\/p>\",\"margin\":\"default\",\"maxwidth\":\"2xlarge\"}}]}]}]},{\"type\":\"section\",\"props\":{\"image_position\":\"center-center\",\"padding_remove_top\":true,\"style\":\"default\",\"title_breakpoint\":\"xl\",\"title_position\":\"top-left\",\"title_rotation\":\"left\",\"vertical_align\":\"middle\",\"width\":\"default\"},\"children\":[{\"type\":\"row\",\"children\":[{\"type\":\"column\",\"props\":{\"image_position\":\"center-center\",\"position_sticky_breakpoint\":\"m\"},\"children\":[{\"type\":\"image\",\"props\":{\"image\":\"wp-content\\\/uploads\\\/photo-1673187139211-1e7ec3dd60ec.jpg\",\"image_height\":\"600\",\"image_svg_color\":\"emphasis\",\"image_width\":\"1200\",\"margin\":\"default\"}}]}]}]}],\"version\":\"4.0.10\"} --><\/p>\n","protected":false},"excerpt":{"rendered":"<p>Unser 24 Stunden-Pannenservice Ein Unfall oder ein technisches Problem an deinem Fahrzeug passiert schneller als gedacht. Wir sind f\u00fcr dich da &#8211; rund um die Uhr, auch an Sonn- und Feiertagen. Bei Unf\u00e4llen oder technischen Problemen sind wir f\u00fcr dich bei unserer 24 Stunden Abschlepphilfe erreichbar unter: +41 76 411 30 77 Sag uns wo [&hellip;]<\/p>\n","protected":false},"author":1,"featured_media":0,"parent":0,"menu_order":0,"comment_status":"closed","ping_status":"closed","template":"","meta":{"_acf_changed":false,"_seopress_robots_primary_cat":"","_seopress_titles_title":"","_seopress_titles_desc":"","_seopress_robots_index":"","_joinchat":[],"footnotes":""},"class_list":["post-152","page","type-page","status-publish","hentry"],"acf":[],"_links":{"self":[{"href":"https:\/\/www.lucky-car.ch\/en\/wp-json\/wp\/v2\/pages\/152","targetHints":{"allow":["GET"]}}],"collection":[{"href":"https:\/\/www.lucky-car.ch\/en\/wp-json\/wp\/v2\/pages"}],"about":[{"href":"https:\/\/www.lucky-car.ch\/en\/wp-json\/wp\/v2\/types\/page"}],"author":[{"embeddable":true,"href":"https:\/\/www.lucky-car.ch\/en\/wp-json\/wp\/v2\/users\/1"}],"replies":[{"embeddable":true,"href":"https:\/\/www.lucky-car.ch\/en\/wp-json\/wp\/v2\/comments?post=152"}],"version-history":[{"count":0,"href":"https:\/\/www.lucky-car.ch\/en\/wp-json\/wp\/v2\/pages\/152\/revisions"}],"wp:attachment":[{"href":"https:\/\/www.lucky-car.ch\/en\/wp-json\/wp\/v2\/media?parent=152"}],"curies":[{"name":"wp","href":"https:\/\/api.w.org\/{rel}","templated":true}]}}